{"id":8981,"date":"2017-02-22T16:51:57","date_gmt":"2017-02-22T16:51:57","guid":{"rendered":"https:\/\/aeroserviceaft.com\/es\/?page_id=2577"},"modified":"2024-11-14T18:59:26","modified_gmt":"2024-11-14T18:59:26","slug":"our-facilities","status":"publish","type":"page","link":"https:\/\/aeroserviceaft.com\/es\/our-facilities\/","title":{"rendered":"Instalaciones"},"content":{"rendered":"<div class=\"wpb-content-wrapper\"><p>\n\t\t\t<!-- START Facilities REVOLUTION SLIDER 6.6.16 --><p class=\"rs-p-wp-fix\"><\/p>\n\t\t\t<rs-module-wrap id=\"woodmart-electronics_wrapper\" data-source=\"gallery\" style=\"visibility:hidden;background:#f9f9f9;padding:0;margin:0px auto;margin-top:0;margin-bottom:0;\">\n\t\t\t\t<rs-module id=\"woodmart-electronics\" style=\"\" data-version=\"6.6.16\">\n\t\t\t\t\t<rs-slides style=\"overflow: hidden; position: absolute;\">\n\t\t\t\t\t\t<rs-slide style=\"position: absolute;\" data-key=\"rs-9\" data-title=\"Slide\" data-thumb=\"\/\/aeroserviceaft.com\/es\/wp-content\/uploads\/2023\/11\/Facilities-1-1536x1051-100x50.jpg\" data-anim=\"ms:600;\" data-in=\"o:0;\" data-out=\"a:false;\">\n\t\t\t\t\t\t\t<img decoding=\"async\" src=\"\/\/aeroserviceaft.com\/es\/wp-content\/plugins\/revslider\/public\/assets\/assets\/dummy.png\" alt=\"\" title=\"Facilities\" width=\"1536\" height=\"1051\" class=\"rev-slidebg tp-rs-img rs-lazyload\" data-lazyload=\"\/\/aeroserviceaft.com\/es\/wp-content\/uploads\/2023\/11\/Facilities-1-1536x1051.jpg\" data-bg=\"f:contain;\" data-parallax=\"off\" data-no-retina>\n<!--\n\t\t\t\t\t\t\t--><rs-layer\n\t\t\t\t\t\t\t\tid=\"slider-3-slide-9-layer-4\" \n\t\t\t\t\t\t\t\tdata-type=\"text\"\n\t\t\t\t\t\t\t\tdata-color=\"#007aff\"\n\t\t\t\t\t\t\t\tdata-tsh=\"c:rgba(0,0,0,0.75);h:7px,7px,5px,3px;v:7px,7px,5px,3px;b:10px,11px,8px,4px;\"\n\t\t\t\t\t\t\t\tdata-rsp_ch=\"on\"\n\t\t\t\t\t\t\t\tdata-xy=\"xo:137px,155px,117px,72px;yo:370px,420px,319px,196px;\"\n\t\t\t\t\t\t\t\tdata-text=\"w:normal;s:66,75,56,34;l:74,84,63,38;ls:-3,-3,-2,-1;fw:800;a:inherit;\"\n\t\t\t\t\t\t\t\tdata-dim=\"w:619px,704px,534px,329px;minh:0,none,none,none;\"\n\t\t\t\t\t\t\t\tdata-frame_0=\"y:-111px,-126px,-95px,-58px;\"\n\t\t\t\t\t\t\t\tdata-frame_1=\"e:expo.out;st:700;sp:900;sR:700;\"\n\t\t\t\t\t\t\t\tdata-frame_999=\"o:0;e:easeOutQuad;st:w;sR:7600;\"\n\t\t\t\t\t\t\t\tstyle=\"z-index:7;font-family:'Poppins';\"\n\t\t\t\t\t\t\t>LOCATION-MIAMI \n\t\t\t\t\t\t\t<\/rs-layer><!--\n-->\t\t\t\t\t\t<\/rs-slide>\n\t\t\t\t\t\t<rs-slide style=\"position: absolute;\" data-key=\"rs-13\" data-title=\"Slide\" data-in=\"o:0;\" data-out=\"a:false;\">\n\t\t\t\t\t\t\t<img decoding=\"async\" src=\"\/\/aeroserviceaft.com\/es\/wp-content\/plugins\/revslider\/public\/assets\/assets\/dummy.png\" alt=\"Slide\" title=\"Instalaciones\" class=\"rev-slidebg tp-rs-img rs-lazyload\" data-lazyload=\"\/\/aeroserviceaft.com\/es\/wp-content\/plugins\/revslider\/public\/assets\/assets\/transparent.png\" data-parallax=\"off\" data-no-retina>\n<!--\n\t\t\t\t\t\t\t--><rs-layer\n\t\t\t\t\t\t\t\tid=\"slider-3-slide-13-layer-7\" \n\t\t\t\t\t\t\t\tdata-type=\"image\"\n\t\t\t\t\t\t\t\tdata-rsp_ch=\"on\"\n\t\t\t\t\t\t\t\tdata-text=\"w:normal;s:20,22,16,9;l:0,28,21,12;\"\n\t\t\t\t\t\t\t\tdata-dim=\"w:['100%','100%','100%','100%'];h:['100%','100%','100%','100%'];\"\n\t\t\t\t\t\t\t\tdata-frame_999=\"o:0;st:w;\"\n\t\t\t\t\t\t\t\tstyle=\"z-index:5;\"\n\t\t\t\t\t\t\t><img decoding=\"async\" src=\"\/\/aeroserviceaft.com\/es\/wp-content\/plugins\/revslider\/public\/assets\/assets\/dummy.png\" alt=\"\" class=\"tp-rs-img rs-lazyload\" width=\"1536\" height=\"914\" data-lazyload=\"\/\/aeroserviceaft.com\/es\/wp-content\/uploads\/2023\/11\/IMG_5415-1536x914.jpg\" data-c=\"cover-proportional\" data-no-retina> \n\t\t\t\t\t\t\t<\/rs-layer><!--\n\n\t\t\t\t\t\t\t--><rs-layer\n\t\t\t\t\t\t\t\tid=\"slider-3-slide-13-layer-8\" \n\t\t\t\t\t\t\t\tdata-type=\"text\"\n\t\t\t\t\t\t\t\tdata-color=\"#007aff\"\n\t\t\t\t\t\t\t\tdata-tsh=\"c:rgba(0,0,0,0.75);h:7px,7px,5px,3px;v:7px,7px,5px,3px;b:10px,11px,8px,4px;\"\n\t\t\t\t\t\t\t\tdata-rsp_ch=\"on\"\n\t\t\t\t\t\t\t\tdata-xy=\"xo:148px,168px,127px,78px;yo:382px,434px,329px,202px;\"\n\t\t\t\t\t\t\t\tdata-text=\"w:normal;s:94,106,80,49;l:105,119,90,55;ls:-5,-5,-3,-1;fw:800;a:inherit;\"\n\t\t\t\t\t\t\t\tdata-dim=\"w:327px,372px,282px,173px;minh:0,none,none,none;\"\n\t\t\t\t\t\t\t\tdata-frame_0=\"y:-159px,-180px,-136px,-83px;\"\n\t\t\t\t\t\t\t\tdata-frame_1=\"e:expo.out;st:700;sp:900;sR:700;\"\n\t\t\t\t\t\t\t\tdata-frame_999=\"o:0;e:easeOutQuad;st:w;sR:7600;\"\n\t\t\t\t\t\t\t\tstyle=\"z-index:7;font-family:'Poppins';\"\n\t\t\t\t\t\t\t>OFFICE \n\t\t\t\t\t\t\t<\/rs-layer><!--\n-->\t\t\t\t\t\t<\/rs-slide>\n\t\t\t\t\t\t<rs-slide style=\"position: absolute;\" data-key=\"rs-11\" data-title=\"Slide\" data-anim=\"ms:600;\" data-in=\"o:0;\" data-out=\"a:false;\">\n\t\t\t\t\t\t\t<img decoding=\"async\" src=\"\/\/aeroserviceaft.com\/es\/wp-content\/plugins\/revslider\/public\/assets\/assets\/dummy.png\" alt=\"Slide\" title=\"Instalaciones\" class=\"rev-slidebg tp-rs-img rs-lazyload\" data-lazyload=\"\/\/aeroserviceaft.com\/es\/wp-content\/plugins\/revslider\/public\/assets\/assets\/transparent.png\" data-bg=\"p:right bottom;c:#f2f2f2;\" data-parallax=\"off\" data-no-retina>\n<!--\n\t\t\t\t\t\t\t--><rs-layer\n\t\t\t\t\t\t\t\tid=\"slider-3-slide-11-layer-1\" \n\t\t\t\t\t\t\t\tdata-type=\"text\"\n\t\t\t\t\t\t\t\tdata-color=\"#007aff\"\n\t\t\t\t\t\t\t\tdata-tsh=\"c:rgba(0,0,0,0.75);h:7px,7px,5px,3px;v:7px,7px,5px,3px;b:10px,11px,8px,4px;\"\n\t\t\t\t\t\t\t\tdata-rsp_ch=\"on\"\n\t\t\t\t\t\t\t\tdata-xy=\"xo:95px,108px,82px,50px;yo:351px,399px,303px,186px;\"\n\t\t\t\t\t\t\t\tdata-text=\"w:normal;s:94,106,80,49;l:105,119,90,55;ls:-5,-5,-3,-1;fw:800;a:inherit;\"\n\t\t\t\t\t\t\t\tdata-dim=\"w:543px,617px,468px,288px;minh:0,none,none,none;\"\n\t\t\t\t\t\t\t\tdata-frame_0=\"y:-159px,-180px,-136px,-83px;\"\n\t\t\t\t\t\t\t\tdata-frame_1=\"e:expo.out;st:700;sp:900;sR:700;\"\n\t\t\t\t\t\t\t\tdata-frame_999=\"o:0;e:easeOutQuad;st:w;sR:7600;\"\n\t\t\t\t\t\t\t\tstyle=\"z-index:7;font-family:'Poppins';\"\n\t\t\t\t\t\t\t>COMM. LAB. \n\t\t\t\t\t\t\t<\/rs-layer><!--\n\n\t\t\t\t\t\t\t--><rs-layer\n\t\t\t\t\t\t\t\tid=\"slider-3-slide-11-layer-6\" \n\t\t\t\t\t\t\t\tdata-type=\"image\"\n\t\t\t\t\t\t\t\tdata-rsp_ch=\"on\"\n\t\t\t\t\t\t\t\tdata-xy=\"x:r,l,l,l;xo:0,432px,290px,1px;y:m,t,t,t;yo:0,-103px,32px,53px;\"\n\t\t\t\t\t\t\t\tdata-text=\"l:22;a:inherit;\"\n\t\t\t\t\t\t\t\tdata-dim=\"w:['100%','100%','100%','100%'];h:['100%','100%','100%','100%'];\"\n\t\t\t\t\t\t\t\tdata-frame_0=\"x:right;o:1;\"\n\t\t\t\t\t\t\t\tdata-frame_1=\"e:expo.out;st:700;sp:1100;sR:700;\"\n\t\t\t\t\t\t\t\tdata-frame_999=\"x:50px;o:0;e:easeInQuad;st:w;sR:7200;\"\n\t\t\t\t\t\t\t\tstyle=\"z-index:6;\"\n\t\t\t\t\t\t\t><img decoding=\"async\" src=\"\/\/aeroserviceaft.com\/es\/wp-content\/plugins\/revslider\/public\/assets\/assets\/dummy.png\" alt=\"\" class=\"tp-rs-img rs-lazyload\" width=\"1024\" height=\"490\" data-lazyload=\"\/\/aeroserviceaft.com\/es\/wp-content\/uploads\/2023\/11\/WhatsApp-Image-2022-06-09-at-1.37.35-PM.jpeg\" data-c=\"cover\" data-no-retina> \n\t\t\t\t\t\t\t<\/rs-layer><!--\n-->\t\t\t\t\t\t<\/rs-slide>\n\t\t\t\t\t\t<rs-slide style=\"position: absolute;\" data-key=\"rs-12\" data-title=\"Slide\" data-in=\"o:0;\" data-out=\"a:false;\">\n\t\t\t\t\t\t\t<img decoding=\"async\" src=\"\/\/aeroserviceaft.com\/es\/wp-content\/plugins\/revslider\/public\/assets\/assets\/dummy.png\" alt=\"Slide\" title=\"Instalaciones\" class=\"rev-slidebg tp-rs-img rs-lazyload\" data-lazyload=\"\/\/aeroserviceaft.com\/es\/wp-content\/plugins\/revslider\/public\/assets\/assets\/transparent.png\" data-parallax=\"off\" data-no-retina>\n<!--\n\t\t\t\t\t\t\t--><rs-layer\n\t\t\t\t\t\t\t\tid=\"slider-3-slide-12-layer-2\" \n\t\t\t\t\t\t\t\tdata-type=\"image\"\n\t\t\t\t\t\t\t\tdata-text=\"w:normal;s:20,22,16,9;l:0,28,21,12;\"\n\t\t\t\t\t\t\t\tdata-dim=\"w:['100%','100%','100%','100%'];h:['100%','100%','100%','100%'];\"\n\t\t\t\t\t\t\t\tdata-rsp_o=\"off\"\n\t\t\t\t\t\t\t\tdata-rsp_bd=\"off\"\n\t\t\t\t\t\t\t\tdata-frame_999=\"o:0;st:w;\"\n\t\t\t\t\t\t\t\tstyle=\"z-index:5;\"\n\t\t\t\t\t\t\t><img decoding=\"async\" src=\"\/\/aeroserviceaft.com\/es\/wp-content\/plugins\/revslider\/public\/assets\/assets\/dummy.png\" alt=\"\" class=\"tp-rs-img rs-lazyload\" width=\"1100\" height=\"605\" data-lazyload=\"\/\/aeroserviceaft.com\/es\/wp-content\/uploads\/2023\/11\/imagebanner1.jpg\" data-c=\"cover-proportional\" data-no-retina> \n\t\t\t\t\t\t\t<\/rs-layer><!--\n\n\t\t\t\t\t\t\t--><rs-layer\n\t\t\t\t\t\t\t\tid=\"slider-3-slide-12-layer-5\" \n\t\t\t\t\t\t\t\tdata-type=\"text\"\n\t\t\t\t\t\t\t\tdata-color=\"#007aff\"\n\t\t\t\t\t\t\t\tdata-tsh=\"c:rgba(0,0,0,0.75);h:7px,7px,5px,3px;v:7px,7px,5px,3px;b:10px,11px,8px,4px;\"\n\t\t\t\t\t\t\t\tdata-rsp_ch=\"on\"\n\t\t\t\t\t\t\t\tdata-xy=\"xo:163px,185px,140px,86px;yo:22px,25px,18px,11px;\"\n\t\t\t\t\t\t\t\tdata-text=\"w:normal;s:94,106,80,49;l:105,119,90,55;ls:-5,-5,-3,-1;fw:800;a:inherit;\"\n\t\t\t\t\t\t\t\tdata-dim=\"w:643px,731px,555px,342px;minh:0,none,none,none;\"\n\t\t\t\t\t\t\t\tdata-frame_0=\"y:-159px,-180px,-136px,-83px;\"\n\t\t\t\t\t\t\t\tdata-frame_1=\"e:expo.out;st:700;sp:900;sR:700;\"\n\t\t\t\t\t\t\t\tdata-frame_999=\"o:0;e:easeOutQuad;st:w;sR:7600;\"\n\t\t\t\t\t\t\t\tstyle=\"z-index:7;font-family:'Poppins';\"\n\t\t\t\t\t\t\t>CLASSROOM 1 \n\t\t\t\t\t\t\t<\/rs-layer><!--\n-->\t\t\t\t\t\t<\/rs-slide>\n\t\t\t\t\t\t<rs-slide style=\"position: absolute;\" data-key=\"rs-14\" data-title=\"Slide\" data-in=\"o:0;\" data-out=\"a:false;\">\n\t\t\t\t\t\t\t<img decoding=\"async\" src=\"\/\/aeroserviceaft.com\/es\/wp-content\/plugins\/revslider\/public\/assets\/assets\/dummy.png\" alt=\"Slide\" title=\"Instalaciones\" class=\"rev-slidebg tp-rs-img rs-lazyload\" data-lazyload=\"\/\/aeroserviceaft.com\/es\/wp-content\/plugins\/revslider\/public\/assets\/assets\/transparent.png\" data-parallax=\"off\" data-no-retina>\n<!--\n\t\t\t\t\t\t\t--><rs-layer\n\t\t\t\t\t\t\t\tid=\"slider-3-slide-14-layer-9\" \n\t\t\t\t\t\t\t\tdata-type=\"image\"\n\t\t\t\t\t\t\t\tdata-text=\"w:normal;s:20,22,16,9;l:0,28,21,12;\"\n\t\t\t\t\t\t\t\tdata-dim=\"w:['100%','100%','100%','100%'];h:['100%','100%','100%','100%'];\"\n\t\t\t\t\t\t\t\tdata-rsp_o=\"off\"\n\t\t\t\t\t\t\t\tdata-rsp_bd=\"off\"\n\t\t\t\t\t\t\t\tdata-frame_999=\"o:0;st:w;\"\n\t\t\t\t\t\t\t\tstyle=\"z-index:5;\"\n\t\t\t\t\t\t\t><img decoding=\"async\" src=\"\/\/aeroserviceaft.com\/es\/wp-content\/plugins\/revslider\/public\/assets\/assets\/dummy.png\" alt=\"\" class=\"tp-rs-img rs-lazyload\" width=\"1536\" height=\"791\" data-lazyload=\"\/\/aeroserviceaft.com\/es\/wp-content\/uploads\/2023\/11\/IMG_5410-1536x791.jpg\" data-c=\"cover\" data-no-retina> \n\t\t\t\t\t\t\t<\/rs-layer><!--\n\n\t\t\t\t\t\t\t--><rs-layer\n\t\t\t\t\t\t\t\tid=\"slider-3-slide-14-layer-10\" \n\t\t\t\t\t\t\t\tdata-type=\"text\"\n\t\t\t\t\t\t\t\tdata-color=\"#007aff\"\n\t\t\t\t\t\t\t\tdata-tsh=\"c:rgba(0,0,0,0.75);h:7px,7px,5px,3px;v:7px,7px,5px,3px;b:10px,11px,8px,4px;\"\n\t\t\t\t\t\t\t\tdata-rsp_ch=\"on\"\n\t\t\t\t\t\t\t\tdata-xy=\"xo:76px,86px,65px,40px;yo:33px,37px,28px,17px;\"\n\t\t\t\t\t\t\t\tdata-text=\"w:normal;s:94,106,80,49;l:105,119,90,55;ls:-5,-5,-3,-1;fw:800;a:inherit;\"\n\t\t\t\t\t\t\t\tdata-dim=\"w:690px,785px,596px,367px;minh:0,none,none,none;\"\n\t\t\t\t\t\t\t\tdata-frame_0=\"y:-159px,-180px,-136px,-83px;\"\n\t\t\t\t\t\t\t\tdata-frame_1=\"e:expo.out;st:700;sp:900;sR:700;\"\n\t\t\t\t\t\t\t\tdata-frame_999=\"o:0;e:easeOutQuad;st:w;sR:7600;\"\n\t\t\t\t\t\t\t\tstyle=\"z-index:7;font-family:'Poppins';\"\n\t\t\t\t\t\t\t>CLASSROOM 2 \n\t\t\t\t\t\t\t<\/rs-layer><!--\n-->\t\t\t\t\t\t<\/rs-slide>\n\t\t\t\t\t\t<rs-slide style=\"position: absolute;\" data-key=\"rs-10\" data-title=\"Slide\" data-anim=\"ms:600;\" data-in=\"o:0;\" data-out=\"a:false;\">\n\t\t\t\t\t\t\t<img decoding=\"async\" src=\"\/\/aeroserviceaft.com\/es\/wp-content\/plugins\/revslider\/public\/assets\/assets\/dummy.png\" alt=\"Slide\" title=\"Instalaciones\" class=\"rev-slidebg tp-rs-img rs-lazyload\" data-lazyload=\"\/\/aeroserviceaft.com\/es\/wp-content\/plugins\/revslider\/public\/assets\/assets\/transparent.png\" data-bg=\"p:right bottom;c:#f2f2f2;\" data-parallax=\"off\" data-no-retina>\n<!--\n\t\t\t\t\t\t\t--><rs-layer\n\t\t\t\t\t\t\t\tid=\"slider-3-slide-10-layer-0\" \n\t\t\t\t\t\t\t\tdata-type=\"text\"\n\t\t\t\t\t\t\t\tdata-color=\"#007aff\"\n\t\t\t\t\t\t\t\tdata-tsh=\"c:rgba(0,0,0,0.75);h:7px,7px,5px,3px;v:7px,7px,5px,3px;b:10px,11px,8px,4px;\"\n\t\t\t\t\t\t\t\tdata-rsp_ch=\"on\"\n\t\t\t\t\t\t\t\tdata-xy=\"xo:102px,116px,88px,54px;yo:374px,425px,322px,198px;\"\n\t\t\t\t\t\t\t\tdata-text=\"w:normal;s:94,106,80,49;l:105,119,90,55;ls:-5,-5,-3,-1;fw:800;a:inherit;\"\n\t\t\t\t\t\t\t\tdata-dim=\"w:327px,372px,282px,173px;minh:0,none,none,none;\"\n\t\t\t\t\t\t\t\tdata-frame_0=\"y:-159px,-180px,-136px,-83px;\"\n\t\t\t\t\t\t\t\tdata-frame_1=\"e:expo.out;st:700;sp:900;sR:700;\"\n\t\t\t\t\t\t\t\tdata-frame_999=\"o:0;e:easeOutQuad;st:w;sR:7600;\"\n\t\t\t\t\t\t\t\tstyle=\"z-index:7;font-family:'Poppins';\"\n\t\t\t\t\t\t\t>HANGAR \n\t\t\t\t\t\t\t<\/rs-layer><!--\n\n\t\t\t\t\t\t\t--><rs-layer\n\t\t\t\t\t\t\t\tid=\"slider-3-slide-10-layer-6\" \n\t\t\t\t\t\t\t\tdata-type=\"image\"\n\t\t\t\t\t\t\t\tdata-rsp_ch=\"on\"\n\t\t\t\t\t\t\t\tdata-xy=\"x:r,l,l,l;xo:0,432px,290px,236px;y:m,t,t,t;yo:0,-103px,32px,161px;\"\n\t\t\t\t\t\t\t\tdata-text=\"l:22;a:inherit;\"\n\t\t\t\t\t\t\t\tdata-dim=\"w:['100%','100%','100%','100%'];h:['100%','100%','100%','100%'];\"\n\t\t\t\t\t\t\t\tdata-frame_0=\"x:right;o:1;\"\n\t\t\t\t\t\t\t\tdata-frame_1=\"e:expo.out;st:700;sp:1100;sR:500;\"\n\t\t\t\t\t\t\t\tdata-frame_999=\"x:50px,56px,42px,25px;o:0;e:easeInQuad;st:w;sR:7700;\"\n\t\t\t\t\t\t\t\tstyle=\"z-index:6;\"\n\t\t\t\t\t\t\t><img decoding=\"async\" src=\"\/\/aeroserviceaft.com\/es\/wp-content\/plugins\/revslider\/public\/assets\/assets\/dummy.png\" alt=\"\" class=\"tp-rs-img rs-lazyload\" width=\"1280\" height=\"800\" data-lazyload=\"\/\/aeroserviceaft.com\/es\/wp-content\/uploads\/2023\/11\/AeroService-2-1280x800.jpg\" data-c=\"cover-proportional\" data-no-retina> \n\t\t\t\t\t\t\t<\/rs-layer><!--\n-->\t\t\t\t\t\t<\/rs-slide>\n\t\t\t\t\t<\/rs-slides>\n\t\t\t\t<\/rs-module>\n\t\t\t\t<script>\n\t\t\t\t\tsetREVStartSize({c: 'woodmart-electronics',rl:[1240,1024,778,480],el:[470,468,660,450],gw:[900,1024,778,480],gh:[470,468,660,450],type:'standard',justify:'',layout:'fullwidth',mh:\"0\"});if (window.RS_MODULES!==undefined && window.RS_MODULES.modules!==undefined && window.RS_MODULES.modules[\"woodmartelectronics\"]!==undefined) {window.RS_MODULES.modules[\"woodmartelectronics\"].once = false;window.revapi3 = undefined;if (window.RS_MODULES.checkMinimal!==undefined) window.RS_MODULES.checkMinimal()}\n\t\t\t\t<\/script>\n\t\t\t<\/rs-module-wrap>\n\t\t\t<!-- END REVOLUTION SLIDER -->\n[vc_row][vc_column][vc_column_text woodmart_inline=&#8221;no&#8221; text_larger=&#8221;no&#8221;]<\/p>\n<p>&nbsp;<\/p>\n<p>&nbsp;<\/p>\n<h1 style=\"text-align: center;\">\u00a1Aprende a Volar en la Soleada Miami con AEROSERVICE! \u2600\ufe0f\u2708\ufe0f<\/h1>\n<p>Obt\u00e9n tu Licencia de Piloto en Miami, Florida \u2013 El Lugar Perfecto para la Formaci\u00f3n en Aviaci\u00f3n<br \/>\nCon m\u00e1s de 360 d\u00edas de sol al a\u00f1o, impresionantes vistas costeras y una vibrante comunidad aeron\u00e1utica, Miami ofrece el entorno de formaci\u00f3n ideal para futuros pilotos. \u00danete a AEROSERVICE Flight Training y experimenta la mejor capacitaci\u00f3n en aviaci\u00f3n en uno de los centros de aviaci\u00f3n m\u00e1s din\u00e1micos del mundo.<br \/>\n\u00bfPor Qu\u00e9 Elegir Miami para Tu Formaci\u00f3n en Vuelo?<br \/>\n\u2022 Clima \u00d3ptimo para Volar Todo el A\u00f1o: Los cielos despejados y estables de Miami permiten m\u00e1s horas de vuelo y una exposici\u00f3n valiosa a diferentes escenarios clim\u00e1ticos, brind\u00e1ndote una experiencia completa.<br \/>\n\u2022 Instalaciones de \u00daltima Tecnolog\u00eda: Entrena en aeropuertos modernos con la \u00faltima tecnolog\u00eda, garantizando una formaci\u00f3n aeron\u00e1utica actualizada e integral.<br \/>\n\u2022 Cultura de Aviaci\u00f3n Activa: Forma parte de la comunidad aeron\u00e1utica de Miami y accede a eventos, recursos y oportunidades de networking en aviaci\u00f3n.<\/p>\n<h2 style=\"text-align: center;\">\u00bfPor Qu\u00e9 Elegir AEROSERVICE Flight Training?<\/h2>\n<p>\u2022 Certificaci\u00f3n FAA Parte 141: Cumplimos con los m\u00e1s altos est\u00e1ndares de calidad y seguridad de la Administraci\u00f3n Federal de Aviaci\u00f3n.<br \/>\n\u2022 Aprendizaje Personalizado: Disfruta de clases peque\u00f1as que permiten una atenci\u00f3n personalizada tanto en la teor\u00eda como en la pr\u00e1ctica.<br \/>\n\u2022 Instructores Expertos: Nuestros instructores est\u00e1n altamente capacitados y comprometidos con tu \u00e9xito en cada paso de tu formaci\u00f3n.<br \/>\n\u2022 Entrenamiento Pr\u00e1ctico en Vuelo: Lleva tus conocimientos de la teor\u00eda a la pr\u00e1ctica en vuelos bajo condiciones reales, acumulando experiencia esencial.<\/p>\n<p>AEROSERVICE: Tu Camino hacia una Carrera en la Aviaci\u00f3n Profesional<\/p>\n<p>Con AEROSERVICE Flight Training, recibir\u00e1s un programa de formaci\u00f3n estructurado y de apoyo dise\u00f1ado para ayudarte a alcanzar tus objetivos en aviaci\u00f3n.<br \/>\n\u2022 Escuela de Teor\u00eda de Vuelo Especializada: Construye una base s\u00f3lida en teor\u00eda aeron\u00e1utica en aulas dedicadas para tal fin.<br \/>\n\u2022 Entrenamiento Integral en Vuelo: Gana habilidades esenciales en vuelo con tiempo de pr\u00e1ctica suficiente y supervisi\u00f3n experta.<br \/>\n\u2022 Entorno de Aprendizaje de Apoyo: Disfruta de un ambiente c\u00e1lido y acogedor donde cada estudiante recibe aliento, asesor\u00eda y apoyo en su progreso.<\/p>\n<p>\u00a1Despega tu Carrera en Aviaci\u00f3n desde Miami!<\/p>\n<p>AEROSERVICE te invita a que la ciudad soleada de Miami ilumine tu camino hacia tus sue\u00f1os en aviaci\u00f3n. Ya sea que est\u00e9s comenzando o que busques avanzar, Miami es el lugar perfecto para despegar.<\/p>\n<p>\u00bfListo para Empezar?<br \/>\n\u2022 Visita nuestro sitio web para explorar todos nuestros programas de aviaci\u00f3n.<br \/>\n\u2022 Cont\u00e1ctanos hoy para programar una visita y dar el primer paso hacia tu futuro en la aviaci\u00f3n.<br \/>\n\u2022 Inscr\u00edbete ahora y toma vuelo con AEROSERVICE \u2013 \u00a1tu camino hacia convertirte en un piloto profesional comienza aqu\u00ed!<\/p>\n<p>&nbsp;<\/p>\n<p>[\/vc_column_text][\/vc_column][\/vc_row]<\/p>\n<\/div>","protected":false},"excerpt":{"rendered":"<p>[vc_row][vc_column][vc_column_text woodmart_inline=&#8221;no&#8221; text_larger=&#8221;no&#8221;] &nbsp; &nbsp; \u00a1Aprende a Volar en la Soleada Miami con AEROSERVICE! \u2600\ufe0f\u2708\ufe0f Obt\u00e9n tu Licencia de Piloto<\/p>\n","protected":false},"author":1,"featured_media":0,"parent":0,"menu_order":0,"comment_status":"closed","ping_status":"closed","template":"","meta":{"_joinchat":[],"footnotes":""},"class_list":["post-8981","page","type-page","status-publish","hentry"],"_links":{"self":[{"href":"https:\/\/aeroserviceaft.com\/es\/wp-json\/wp\/v2\/pages\/8981","targetHints":{"allow":["GET"]}}],"collection":[{"href":"https:\/\/aeroserviceaft.com\/es\/wp-json\/wp\/v2\/pages"}],"about":[{"href":"https:\/\/aeroserviceaft.com\/es\/wp-json\/wp\/v2\/types\/page"}],"author":[{"embeddable":true,"href":"https:\/\/aeroserviceaft.com\/es\/wp-json\/wp\/v2\/users\/1"}],"replies":[{"embeddable":true,"href":"https:\/\/aeroserviceaft.com\/es\/wp-json\/wp\/v2\/comments?post=8981"}],"version-history":[{"count":11,"href":"https:\/\/aeroserviceaft.com\/es\/wp-json\/wp\/v2\/pages\/8981\/revisions"}],"predecessor-version":[{"id":9808,"href":"https:\/\/aeroserviceaft.com\/es\/wp-json\/wp\/v2\/pages\/8981\/revisions\/9808"}],"wp:attachment":[{"href":"https:\/\/aeroserviceaft.com\/es\/wp-json\/wp\/v2\/media?parent=8981"}],"curies":[{"name":"wp","href":"https:\/\/api.w.org\/{rel}","templated":true}]}}