{"id":9023,"date":"2016-10-02T00:04:05","date_gmt":"2016-10-02T00:04:05","guid":{"rendered":"https:\/\/aeroserviceaft.com\/es\/?page_id=2498"},"modified":"2025-04-15T01:00:40","modified_gmt":"2025-04-15T01:00:40","slug":"student-services","status":"publish","type":"page","link":"https:\/\/aeroserviceaft.com\/es\/student-services\/","title":{"rendered":"Servicios a Estudiantes"},"content":{"rendered":"<div class=\"wpb-content-wrapper\"><p>[vc_row][vc_column][vc_column_text woodmart_inline=&#8221;no&#8221; text_larger=&#8221;no&#8221;]<\/p>\n<section class=\"fw-main-row \">\n<h2 class=\"screen-reader-text\">Heading section<\/h2>\n<div class=\"container\">\n<div class=\"fw-row\">\n<div class=\"fw-col-xs-12\">\n<div class=\"textblock-shortcode\">\n<h1 class=\"about__title\" style=\"font-weight: 400; color: #222222;\"><strong style=\"font-weight: 900; color: #e84c3d;\">SERVICIOS <\/strong>AL ESTUDIANTE<\/h1>\n<p>Apoyo total para padres y estudiantes: desde la inscripci\u00f3n hasta el \u00e9xito como piloto comercial<\/p>\n<p>En AEROSERVICE Flight Training, entendemos que elegir una escuela de aviaci\u00f3n en Miami para la formaci\u00f3n de su hijo como piloto comercial es una gran decisi\u00f3n. Por eso, nos comprometemos a estar con ustedes en cada paso del camino, desde el proceso de inscripci\u00f3n hasta la llegada a Miami y m\u00e1s all\u00e1. Nuestro equipo no solo ofrece un entrenamiento de \u00e9lite certificado por la FAA Parte 141 (Certificado No. 8F7S381L), sino tambi\u00e9n una experiencia acogedora y personalizada que har\u00e1 que tanto padres como estudiantes se sientan parte de nuestra familia.<\/p>\n<p>Asistencia integral para padres y estudiantes<br \/>\nInscripci\u00f3n y tr\u00e1mites de visa sin estr\u00e9s: Guiamos a los padres y estudiantes en cada etapa del proceso de inscripci\u00f3n y solicitud de la visa de estudiante M1. Les proporcionamos una lista detallada de documentos requeridos y asistencia personalizada para que todo sea claro y sencillo.<br \/>\nLlegada a Miami sin preocupaciones: Recibimos a su hijo en el aeropuerto y lo trasladamos a su nuevo hogar. Adem\u00e1s, ofrecemos una semana de acompa\u00f1amiento gratuita para facilitar su adaptaci\u00f3n a la vida en Miami, ayud\u00e1ndolo a instalarse y sentirse c\u00f3modo en esta vibrante ciudad.<br \/>\nVisita personalizada de un directivo: Uno de nuestros directivos se reunir\u00e1 en persona con los padres (o v\u00eda videollamada) para ofrecer una explicaci\u00f3n detallada y adaptada sobre el proceso de formaci\u00f3n, la inversi\u00f3n y el futuro profesional de su hijo como piloto comercial. Queremos que tengan total claridad y confianza en esta decisi\u00f3n.<br \/>\nApoyo continuo durante el entrenamiento: Desde el primer d\u00eda hasta la obtenci\u00f3n de la licencia de piloto comercial FAA, nuestro equipo est\u00e1 disponible para brindar orientaci\u00f3n, resolver dudas y asegurar un ambiente de aprendizaje positivo y motivacional.<br \/>\nSERVICIOS DE \u201cCONSERJER\u00cdA\u201d PARA UNA TRANSICI\u00d3N F\u00c1CIL<br \/>\nSabemos que mudarse a otro pa\u00eds puede ser un desaf\u00edo, especialmente para estudiantes j\u00f3venes y sus familias. En AEROSERVICE, ofrecemos servicios dise\u00f1ados para eliminar el estr\u00e9s y hacer que la experiencia sea placentera:<\/p>\n<p>Recogida en el aeropuerto: Un miembro de nuestro equipo estar\u00e1 esperando a su hijo al llegar a Miami.<br \/>\nAsistencia en alojamiento: Ayudamos a encontrar opciones de vivienda seguras, c\u00f3modas y adaptadas a su presupuesto.<br \/>\nApoyo pr\u00e1ctico: Acompa\u00f1amos a su hijo en la apertura de una cuenta bancaria, la compra de su primer mercado, la obtenci\u00f3n del certificado m\u00e9dico aeron\u00e1utico y el proceso para una licencia de conducir en Florida.<br \/>\nSemana de adaptaci\u00f3n gratuita: Durante los primeros d\u00edas, nuestro equipo lo gu\u00eda para conocer la ciudad, los servicios locales y c\u00f3mo desenvolverse con facilidad.<br \/>\nGASTOS DE VIVIENDA Y VIDA EN MIAMI<br \/>\nPara que su hijo se sienta como en casa, ofrecemos opciones flexibles:<\/p>\n<p>Alojamiento individual o grupal: Asesoramos en el alquiler de casas amplias, seguras y equipadas con todas las comodidades (TV, internet de alta velocidad, cocina completa) para estudiantes que viajan en grupo.<br \/>\nCultura gastron\u00f3mica diversa: Miami cuenta con restaurantes que ofrecen platos t\u00edpicos de diversos pa\u00edses, asegurando que su hijo disfrute de sabores familiares y se adapte sin sentir el cambio cultural.<br \/>\nTransporte accesible: Seg\u00fan su presupuesto, recomendamos opciones como una scooter ($950 + $150 de matr\u00edcula) o un autom\u00f3vil (desde $3,500), con asistencia para adquirirlos y registrarlos.<br \/>\nNUESTRO COMPROMISO: SU TRANQUILIDAD<br \/>\nEn AEROSERVICE, no solo formamos pilotos; construimos futuros. Desde el momento en que su hijo llega a Miami hasta que obtiene su licencia de piloto comercial, nuestro equipo est\u00e1 dedicado a apoyarlo. Los padres pueden estar seguros de que su inversi\u00f3n en la formaci\u00f3n aeron\u00e1utica de su hijo est\u00e1 respaldada por una escuela de aviaci\u00f3n en Miami que prioriza su bienestar y \u00e9xito.<\/p>\n<p>\u00bfListos para comenzar este viaje?<\/p>\n<p>Cont\u00e1ctennos hoy para coordinar una visita personalizada con uno de nuestros directivos y resolver todas sus dudas sobre la formaci\u00f3n de pilotos en Miami.<br \/>\nExploren nuestros servicios en nuestro sitio web y descubran c\u00f3mo AEROSERVICE hace que el sue\u00f1o de volar sea una realidad.<br \/>\nInscriban a su hijo ahora y d\u00e9jenlo despegar con la mejor escuela de aviaci\u00f3n en Miami.<br \/>\n\u201cEn AEROSERVICE, su hijo no solo aprende a volar; encuentra un hogar y un futuro\u00a0brillante.\u201d<\/p>\n<\/div>\n<\/div>\n<\/div>\n<\/div>\n<\/section>\n<p><!-- 5a78fe564e4c338de92730841ed1446d -->[\/vc_column_text]\n\t\t\t<!-- START ES REVOLUTION SLIDER 6.6.16 --><p class=\"rs-p-wp-fix\"><\/p>\n\t\t\t<rs-module-wrap id=\"woodmart-electronics_wrapper\" data-source=\"gallery\" style=\"visibility:hidden;background:#f9f9f9;padding:0;margin:0px auto;margin-top:0;margin-bottom:0;\">\n\t\t\t\t<rs-module id=\"woodmart-electronics\" style=\"\" data-version=\"6.6.16\">\n\t\t\t\t\t<rs-slides style=\"overflow: hidden; position: absolute;\">\n\t\t\t\t\t\t<rs-slide style=\"position: absolute;\" data-key=\"rs-36\" data-title=\"Slide\" data-thumb=\"\/\/aeroserviceaft.com\/es\/wp-content\/uploads\/2024\/06\/Airport-100x50.jpg\" data-anim=\"ms:600;\" data-in=\"o:0;\" data-out=\"a:false;\">\n\t\t\t\t\t\t\t<img decoding=\"async\" src=\"\/\/aeroserviceaft.com\/es\/wp-content\/plugins\/revslider\/public\/assets\/assets\/dummy.png\" alt=\"\" title=\"Airport\" width=\"640\" height=\"426\" class=\"rev-slidebg tp-rs-img rs-lazyload\" data-lazyload=\"\/\/aeroserviceaft.com\/es\/wp-content\/uploads\/2024\/06\/Airport.jpg\" data-bg=\"f:contain;\" data-parallax=\"off\" data-no-retina>\n<!---->\t\t\t\t\t\t<\/rs-slide>\n\t\t\t\t\t\t<rs-slide style=\"position: absolute;\" data-key=\"rs-39\" data-title=\"Slide\" data-in=\"o:0;\" data-out=\"a:false;\">\n\t\t\t\t\t\t\t<img decoding=\"async\" src=\"\/\/aeroserviceaft.com\/es\/wp-content\/plugins\/revslider\/public\/assets\/assets\/dummy.png\" alt=\"Slide\" title=\"Servicios a Estudiantes\" class=\"rev-slidebg tp-rs-img rs-lazyload\" data-lazyload=\"\/\/aeroserviceaft.com\/es\/wp-content\/plugins\/revslider\/public\/assets\/assets\/transparent.png\" data-parallax=\"off\" data-no-retina>\n<!--\n\t\t\t\t\t\t\t--><span\n\t\t\t\t\t\t\t\tid=\"slider-7-slide-39-layer-1\" \n\t\t\t\t\t\t\t\tclass=\"rs-layer\"\n\t\t\t\t\t\t\t\tdata-type=\"image\"\n\t\t\t\t\t\t\t\tdata-rsp_ch=\"on\"\n\t\t\t\t\t\t\t\tdata-text=\"w:normal;s:20,22,16,9;l:0,28,21,12;\"\n\t\t\t\t\t\t\t\tdata-dim=\"w:['100%','100%','100%','100%'];h:['100%','100%','100%','100%'];\"\n\t\t\t\t\t\t\t\tdata-frame_999=\"o:0;st:w;\"\n\t\t\t\t\t\t\t\tstyle=\"z-index:7;\"\n\t\t\t\t\t\t\t><img decoding=\"async\" src=\"\/\/aeroserviceaft.com\/es\/wp-content\/plugins\/revslider\/public\/assets\/assets\/dummy.png\" alt=\"\" class=\"tp-rs-img rs-lazyload\" width=\"640\" height=\"426\" data-lazyload=\"\/\/aeroserviceaft.com\/es\/wp-content\/uploads\/2024\/06\/Hotel-room.jpg\" data-c=\"fullwidth\" data-no-retina> \n\t\t\t\t\t\t\t<\/span><!--\n-->\t\t\t\t\t\t<\/rs-slide>\n\t\t\t\t\t\t<rs-slide style=\"position: absolute;\" data-key=\"rs-37\" data-title=\"Slide\" data-anim=\"ms:600;\" data-in=\"o:0;\" data-out=\"a:false;\">\n\t\t\t\t\t\t\t<img decoding=\"async\" src=\"\/\/aeroserviceaft.com\/es\/wp-content\/plugins\/revslider\/public\/assets\/assets\/dummy.png\" alt=\"Slide\" title=\"Servicios a Estudiantes\" class=\"rev-slidebg tp-rs-img rs-lazyload\" data-lazyload=\"\/\/aeroserviceaft.com\/es\/wp-content\/plugins\/revslider\/public\/assets\/assets\/transparent.png\" data-bg=\"p:right bottom;c:#f2f2f2;\" data-parallax=\"off\" data-no-retina>\n<!--\n\t\t\t\t\t\t\t--><rs-layer\n\t\t\t\t\t\t\t\tid=\"slider-7-slide-37-layer-6\" \n\t\t\t\t\t\t\t\tdata-type=\"image\"\n\t\t\t\t\t\t\t\tdata-rsp_ch=\"on\"\n\t\t\t\t\t\t\t\tdata-xy=\"x:r,l,l,l;xo:17px,432px,290px,236px;y:m,t,t,t;yo:8px,-103px,32px,161px;\"\n\t\t\t\t\t\t\t\tdata-text=\"l:22;a:inherit;\"\n\t\t\t\t\t\t\t\tdata-dim=\"w:861px,601px,554px,238px;h:573px,645px,594px,88px;\"\n\t\t\t\t\t\t\t\tdata-frame_0=\"x:right;o:1;\"\n\t\t\t\t\t\t\t\tdata-frame_1=\"e:expo.out;st:700;sp:1100;sR:500;\"\n\t\t\t\t\t\t\t\tdata-frame_999=\"x:50px;o:0;e:easeInQuad;st:w;sR:7700;\"\n\t\t\t\t\t\t\t\tstyle=\"z-index:6;\"\n\t\t\t\t\t\t\t><img decoding=\"async\" src=\"\/\/aeroserviceaft.com\/es\/wp-content\/plugins\/revslider\/public\/assets\/assets\/dummy.png\" alt=\"\" class=\"tp-rs-img rs-lazyload\" width=\"640\" height=\"426\" data-lazyload=\"\/\/aeroserviceaft.com\/es\/wp-content\/uploads\/2024\/06\/Meals.jpg\" data-no-retina> \n\t\t\t\t\t\t\t<\/rs-layer><!--\n-->\t\t\t\t\t\t<\/rs-slide>\n\t\t\t\t\t\t<rs-slide style=\"position: absolute;\" data-key=\"rs-40\" data-title=\"Slide\" data-in=\"o:0;\" data-out=\"a:false;\">\n\t\t\t\t\t\t\t<img decoding=\"async\" src=\"\/\/aeroserviceaft.com\/es\/wp-content\/plugins\/revslider\/public\/assets\/assets\/dummy.png\" alt=\"Slide\" title=\"Servicios a Estudiantes\" class=\"rev-slidebg tp-rs-img rs-lazyload\" data-lazyload=\"\/\/aeroserviceaft.com\/es\/wp-content\/plugins\/revslider\/public\/assets\/assets\/transparent.png\" data-parallax=\"off\" data-no-retina>\n<!--\n\t\t\t\t\t\t\t--><rs-layer\n\t\t\t\t\t\t\t\tid=\"slider-7-slide-40-layer-7\" \n\t\t\t\t\t\t\t\tdata-type=\"image\"\n\t\t\t\t\t\t\t\tdata-rsp_ch=\"on\"\n\t\t\t\t\t\t\t\tdata-text=\"w:normal;s:20,22,16,9;l:0,28,21,12;\"\n\t\t\t\t\t\t\t\tdata-dim=\"w:['100%','100%','100%','100%'];h:['100%','100%','100%','100%'];\"\n\t\t\t\t\t\t\t\tdata-frame_999=\"o:0;st:w;\"\n\t\t\t\t\t\t\t\tstyle=\"z-index:5;\"\n\t\t\t\t\t\t\t><img decoding=\"async\" src=\"\/\/aeroserviceaft.com\/es\/wp-content\/plugins\/revslider\/public\/assets\/assets\/dummy.png\" alt=\"\" class=\"tp-rs-img rs-lazyload\" width=\"640\" height=\"426\" data-lazyload=\"\/\/aeroserviceaft.com\/es\/wp-content\/uploads\/2024\/06\/Cars.jpg\" data-c=\"cover\" data-no-retina> \n\t\t\t\t\t\t\t<\/rs-layer><!--\n-->\t\t\t\t\t\t<\/rs-slide>\n\t\t\t\t\t<\/rs-slides>\n\t\t\t\t<\/rs-module>\n\t\t\t\t<script>\n\t\t\t\t\tsetREVStartSize({c: 'woodmart-electronics',rl:[1240,1024,778,480],el:[469.988,468,660,450],gw:[900,1024,778,480],gh:[470,468,660,450],type:'standard',justify:'',layout:'fullwidth',mh:\"0\"});if (window.RS_MODULES!==undefined && window.RS_MODULES.modules!==undefined && window.RS_MODULES.modules[\"woodmartelectronics\"]!==undefined) {window.RS_MODULES.modules[\"woodmartelectronics\"].once = false;window.revapi7 = undefined;if (window.RS_MODULES.checkMinimal!==undefined) window.RS_MODULES.checkMinimal()}\n\t\t\t\t<\/script>\n\t\t\t<\/rs-module-wrap>\n\t\t\t<!-- END REVOLUTION SLIDER -->\n[\/vc_column][\/vc_row]<\/p>\n<\/div>","protected":false},"excerpt":{"rendered":"<p>[vc_row][vc_column][vc_column_text woodmart_inline=&#8221;no&#8221; text_larger=&#8221;no&#8221;] Heading section SERVICIOS AL ESTUDIANTE Apoyo total para padres y estudiantes: desde la inscripci\u00f3n hasta el \u00e9xito<\/p>\n","protected":false},"author":1,"featured_media":0,"parent":0,"menu_order":0,"comment_status":"closed","ping_status":"closed","template":"","meta":{"_joinchat":[],"footnotes":""},"class_list":["post-9023","page","type-page","status-publish","hentry"],"_links":{"self":[{"href":"https:\/\/aeroserviceaft.com\/es\/wp-json\/wp\/v2\/pages\/9023","targetHints":{"allow":["GET"]}}],"collection":[{"href":"https:\/\/aeroserviceaft.com\/es\/wp-json\/wp\/v2\/pages"}],"about":[{"href":"https:\/\/aeroserviceaft.com\/es\/wp-json\/wp\/v2\/types\/page"}],"author":[{"embeddable":true,"href":"https:\/\/aeroserviceaft.com\/es\/wp-json\/wp\/v2\/users\/1"}],"replies":[{"embeddable":true,"href":"https:\/\/aeroserviceaft.com\/es\/wp-json\/wp\/v2\/comments?post=9023"}],"version-history":[{"count":14,"href":"https:\/\/aeroserviceaft.com\/es\/wp-json\/wp\/v2\/pages\/9023\/revisions"}],"predecessor-version":[{"id":9861,"href":"https:\/\/aeroserviceaft.com\/es\/wp-json\/wp\/v2\/pages\/9023\/revisions\/9861"}],"wp:attachment":[{"href":"https:\/\/aeroserviceaft.com\/es\/wp-json\/wp\/v2\/media?parent=9023"}],"curies":[{"name":"wp","href":"https:\/\/api.w.org\/{rel}","templated":true}]}}